{"id":46,"date":"2021-02-20T14:22:41","date_gmt":"2021-02-20T16:22:41","guid":{"rendered":"https:\/\/inkerikoskinen.net\/?page_id=46"},"modified":"2026-03-19T06:32:56","modified_gmt":"2026-03-19T08:32:56","slug":"publications","status":"publish","type":"page","link":"https:\/\/inkerikoskinen.net\/?page_id=46","title":{"rendered":"Publications"},"content":{"rendered":"<p>[et_pb_section fb_built=&#8221;1&#8243; _builder_version=&#8221;4.9.0&#8243; _module_preset=&#8221;default&#8221;][et_pb_row _builder_version=&#8221;4.9.0&#8243; _module_preset=&#8221;default&#8221;][et_pb_column type=&#8221;4_4&#8243; _builder_version=&#8221;4.9.0&#8243; _module_preset=&#8221;default&#8221;][et_pb_text _builder_version=&#8221;4.9.0&#8243; _module_preset=&#8221;default&#8221; hover_enabled=&#8221;0&#8243; sticky_enabled=&#8221;0&#8243;]<\/p>\n<h4>BOOKS<\/h4>\n<p><span>Ludwig, David, Inkeri Koskinen, Zinhle Mncube,Luana Poliseli, and Luis Reyes-Galindo (eds.). 2021. <\/span><i><span>Global Epistemologies and Philosophies of Science<\/span><\/i><span>. Routledge.<\/span><\/p>\n<p><span>Haaparanta, Leila, Inkeri Koskinen, and Teemu Toppinen (eds.). 2021. <i>Proceedings of the Annual Colloquium of the Philosophical Society of Finland 2020 (FiPhi 2020)<\/i>. <i>Acta Philosophica Fennica<\/i> XCVII. Helsinki: the Philosophical Society of Finland.<\/span><\/p>\n<p><span>Koskinen, Inkeri. 2015. <em>Villi Suomen historia: V\u00e4limeren V\u00e4in\u00e4m\u00f6isest\u00e4 \u00c4ij\u00e4kupittaan pyramideihin<\/em>. [The Wild History of Finland: From V\u00e4in\u00e4m\u00f6inen at the Mediterranean to the pyramids of \u00c4ij\u00e4kupittaa. A popular book on pseudohumanities and demarcation.] Helsinki: Tammi.<\/span><\/p>\n<h4>ARTICLES<\/h4>\n<p>Koskinen, Inkeri. 2026. <a href=\"https:\/\/philsci-archive.pitt.edu\/27267\/1\/Koskinen%20forthcoming%202025%20Values%20and%20Objectivity.pdf\">Values and Objectivity<\/a>. In\u00a0Kevin Elliott and Ted Richards (eds.). <em>The Routledge Handbook of Values and Science<\/em>.<\/p>\n<p>Koskinen, Inkeri, and Anna Alexandrova. 2025.\u00a0Conceptual Analysis Plus. In\u00a0Sophie J Veigl, Adrian Currie (eds.), <em>Methods in the Philosophy of Science: A User&#8217;s Guide<\/em>. MIT Press, 105\u2013124.<\/p>\n<p>Koskinen, Inkeri. 2025. <a href=\"https:\/\/philarchive.org\/archive\/KOSITA-3\">Is the argument from inductive risk merely research ethics?<\/a> In\u00a0 In A. Laitinen, M. Kein\u00e4nen, J. Reinikainen &amp; A. Honkasalo (eds.). <em>Language, Truth, and Reality:<\/em>\u00a0<em>Philosophical essays in honour of Panu Raatikainen<\/em>. Tampere University Press,\u00a080\u201387.<\/p>\n<p><span style=\"font-weight: 400;\"><span>Koskinen, Inkeri. 2024.\u00a0<a href=\"https:\/\/doi.org\/10.1080\/02691728.2023.2286253\">We Have No Satisfactory Social Epistemology of AI-Based Science<\/a>. <em>Social Epistemology,\u00a0<\/em>38 (4), 458-475.<\/span><\/span><\/p>\n<p>Koskinen, Inkeri. 2024.\u00a0Onko posthumanistinen valistushumanismin kritiikki humanismia? In\u00a0Hemmo Laiho &amp; Olli Koistinen (eds.),\u00a0<em>Valistuksen haaste: Kirjoituksia j\u00e4rjen ja tiedon merkityksest\u00e4<\/em>. Gaudeamus, 93\u2013112.<\/p>\n<p><span style=\"font-weight: 400;\"><span>Koskinen, Inkeri. 2023. <a href=\"https:\/\/doi.org\/10.1017\/psa.2022.77\">Participation and Objectivity<\/a>. <em>Philosophy of Science\u00a0<\/em><\/span>90(2), 413-432.<\/span><\/p>\n<p><span>Rolin, Kristina, Inkeri Koskinen, Jaakko Kuorikoski, and Samuli Reijula. 2023. <a href=\"https:\/\/doi.org\/10.1007\/s11229-023-04261-9\">Social and cognitive diversity in science: introduction<\/a>. Synthese 202, 36.<\/span><\/p>\n<p><span>Koskinen, Inkeri. 2023.\u00a0<a href=\"https:\/\/doi.org\/10.1162\/posc_a_00593\">Societal impact in research collaborations beyond the boundaries of science<\/a>.\u00a0<em>Perspectives on Science\u00a0<\/em>31:6, 744\u2013770.<\/span><\/p>\n<p><span>Eigi-Watkin,\u00a0Jaana &amp; Koskinen, Inkeri. 2023.\u00a0<a href=\"https:\/\/doi.org\/10.1007\/s11625-023-01315-2\">Reasoning by analogy and the transdisciplinarian&#8217;s circle: on the problem of knowledge transfer across cases in transdisciplinary research<\/a>. <em>Sustainability Science 18, <\/em>1343\u20131353.<\/span><\/p>\n<p><span>Koskinen, Inkeri. 2022.\u00a0<a href=\"https:\/\/doi.org\/10.1007\/s11229-022-03959-6\">How institutional solutions meant to increase diversity in science fail<\/a>. <em>Synthese\u00a0<\/em><\/span>200, 483.<\/p>\n<p><span>Koskinen, Inkeri. 2022.\u00a0<a href=\"https:\/\/doi.org\/10.1007\/s13194-022-00487-5\">Reactivity as a tool in emancipatory activist research<\/a>.\u00a0<em>European Journal for Philosophy of Science\u00a0<\/em>12, 65.<\/span><\/p>\n<p><span>Koskinen, Inkeri &amp; Rolin, Kristina. 2022.\u00a0<a href=\"https:\/\/www.sciencedirect.com\/science\/article\/pii\/S0039368121002016\">Distinguishing between legitimate and illegitimate roles for values in transdisciplinary research<\/a>.\u00a0<em>Studies in History and Philosophy of Science<\/em> 91,\u00a0191-198.<\/span><\/p>\n<p><span>Koskinen, Inkeri. 2022.\u00a0<a href=\"https:\/\/resources.illc.uva.nl\/CRAIPS\/uploaded_files\/inlineitem\/cr.aips.1.koskinen.pdf\">Engaging or not engaging with transdisciplinary research: on methodological choices in philosophical case studies<\/a>. In G. Heinzmann and B. L\u00f6we (eds.)\u00a0<em>Comptes Rendus de l&#8217;Acad\u00e9mie de Philosophie des Sciences 1: Science&#8217;s Voice of Reflection<\/em>.\u00a0Acad\u00e9mie Internationale de Philosophie des Sciences (AIPS), 59\u201374.<\/span><\/p>\n<p><span style=\"font-weight: 400;\"><span>Koskinen, Inkeri. 2021. <a href=\"https:\/\/link.springer.com\/article\/10.1007\/s11229-020-02645-9\">Objectivity in contexts: withholding epistemic judgement as a strategy for mitigating collective bias<\/a>. <\/span><i><span>Synthese\u00a0<\/span><\/i>199, 211\u2013225.<\/span><\/p>\n<p><span>Koskinen, Inkeri and Ludwig, David. 2021. <a href=\"https:\/\/philpapers.org\/rec\/LUDPOP\">Philosophy or Philosophies? Epistemology or Epistemologies?<\/a> In Ludwig, D., Koskinen, I., Mncube, Z., Poliseli, L. and Reyes-Galindo, L. (eds.),\u00a0<\/span><i><span>Global Epistemologies and Philosophies of Science<\/span><\/i><span>. Routledge, 15\u201325.<\/span><\/p>\n<p><span>Koskinen, Inkeri and Rolin, Kristina. 2021. Structural epistemic (in) justice in global contexts. In Ludwig, D., Koskinen, I., Mncube, Z., Poliseli, L. and Reyes-Galindo, L. (eds.),\u00a0<\/span><i><span>Global Epistemologies and Philosophies of Science<\/span><\/i><span>. Routledge, 115\u2013125.<\/span><\/p>\n<p><span style=\"font-weight: 400;\">Koskinen, Inkeri. 2020. <a href=\"https:\/\/www.journals.uchicago.edu\/doi\/10.1093\/bjps\/axy053\">Defending a risk account of scientific objectivity<\/a>. <\/span><i><span style=\"font-weight: 400;\">The British Journal for the Philosophy of Science <\/span><\/i><span style=\"font-weight: 400;\">71:4, 1187\u20131207.<\/span><\/p>\n<p><span style=\"font-weight: 400;\">Nagatsu, M., Davis, T., DesRoches, C. T., Koskinen, I., MacLeod, M., Stojanovic, M., and Thor\u00e9n, H. 2020. <a href=\"https:\/\/link.springer.com\/article\/10.1007\/s11625-020-00832-8\">Philosophy of Science for Sustainability Science<\/a>. <\/span><i><span style=\"font-weight: 400;\">Sustainability\u00a0Science\u00a0<\/span><\/i><span style=\"font-weight: 400;\">15, 1807\u20131817.<\/span><\/p>\n<p><span style=\"font-weight: 400;\">Koskinen, Inkeri and Rolin, Kristina. 2019. Scientific\/intellectual movements remedying epistemic injustice: The case of Indigenous studies. <\/span><i><span style=\"font-weight: 400;\">Philosophy of Science<\/span><\/i><span style=\"font-weight: 400;\"> 86:5, 1052\u20131063.<\/span><\/p>\n<p><span>Koskinen, Inkeri. 2019. Relativism in the Philosophy of Anthropology. In Kusch, M. (ed.), <\/span><i><span>The Routledge Handbook of Philosophy of Relativism<\/span><\/i><span>. London and New York: Routledge, 425\u2013434.<\/span><\/p>\n<p><span>Koskinen, Inkeri. 2019. Antihumanismi, posthumanismi ja humanistiset tieteet. [Antihumanism, posthumanism and the humanities.] <\/span><i><span>Niin &amp; n\u00e4in<\/span><\/i><span> 19:1.<\/span><\/p>\n<p><span style=\"font-weight: 400;\">Koskinen, Inkeri. 2018. <a href=\"https:\/\/journal.fi\/ajatus\/article\/view\/77487\">Miksi tieteilij\u00f6iden kannattaa tehd\u00e4 yhteisty\u00f6t\u00e4 taiteilijoiden kanssa<\/a> [Why scientists should collaborate with artists.] <\/span><i><span style=\"font-weight: 400;\">Ajatus<\/span><\/i><span style=\"font-weight: 400;\"> 75, 93\u2013119.<\/span><\/p>\n<p><span style=\"font-weight: 400;\">Koskinen, Inkeri. 2018. Voiko se olla objektiivista? Tieteenulkoinen tieto ja yhteisty\u00f6 soveltavassa kulttuurintutkimuksessa [Can it be objective? Extra-academic knowledge and collaboration in applied cultural research]. In P. H\u00e4meenaho, T. Suopaj\u00e4rvi and J. Ylipulli (eds.), <\/span><i><span style=\"font-weight: 400;\">Soveltava kulttuurintutkimus<\/span><\/i><span style=\"font-weight: 400;\"> [<\/span><i><span style=\"font-weight: 400;\">Applied cultural research<\/span><\/i><span style=\"font-weight: 400;\">]. Helsinki: Finnish Literature Society, 129\u2013154.<\/span><\/p>\n<p><span style=\"font-weight: 400;\">Koskinen, Inkeri. 2017. <a href=\"https:\/\/philpapers.org\/rec\/KOSWIT\">Where is the epistemic community? On democratisation of science and social accounts of objectivity<\/a>. <\/span><i><span style=\"font-weight: 400;\">Synthese<\/span><\/i><span style=\"font-weight: 400;\"> 194:12, 4671\u20134686.<\/span><\/p>\n<p><span style=\"font-weight: 400;\"><span>Koskinen, Inkeri &amp; M\u00e4ki, Uskali. 2016. <a href=\"https:\/\/doi.org\/10.1007\/s13194-016-0141-5\">Extra-academic transdisciplinarity and scientific pluralism: What might they learn from one another? <\/a><\/span><i><span>The European Journal of Philosophy of Science<\/span><\/i><span> 6:3, 419\u2013444.<\/span><\/span><\/p>\n<p><span style=\"font-weight: 400;\"><span>Kokkonen, Tomi &amp; Koskinen, Inkeri. 2016.<a href=\"https:\/\/oa.finlit.fi\/books\/e\/10.21435\/sff.22\"> Genres as Real Kinds and Projections: Homeostatic Property Clusters in Folklore and Art<\/a>. In Frog and K. Koski (eds.), <i>Genre \u2013 Text \u2013 Interpretation<\/i>. <i>Studia Fennica Folkloristica<\/i>, Helsinki: Finnish Literature Society, 89\u2013109.<\/span><\/span><\/p>\n<p><span style=\"font-weight: 400;\">Koskinen, Inkeri. 2016. <a href=\"https:\/\/netn.fi\/fi\/artikkeli\/objektiivisuus-humanistisissa-tieteissa\">Objektiivisuus humanistisissa tieteiss\u00e4<\/a> [Objectivity in the humanities]. <\/span><i><span style=\"font-weight: 400;\">Niin &amp; n\u00e4in <\/span><\/i><span style=\"font-weight: 400;\">4\/2016, 35\u201342.\u00a0<\/span><\/p>\n<p><span style=\"font-weight: 400;\"><span>Koskinen, Inkeri. 2016. <a href=\"https:\/\/philpapers.org\/archive\/KOSMHT.pdf\">Miten humanistinen tutkimus vaikuttaa yhteiskunnassa?<\/a> [What is the societal impact of humanities research?] <i>Tiedepolitiikka<\/i> 4\/2016.<\/span><\/span><\/p>\n<p><span style=\"font-weight: 400;\">Koskinen, Inkeri. 2015. <a href=\"https:\/\/doi.org\/10.1007\/978-3-319-23015-3_10\">Researchers Building Nations: Under what conditions can overtly political research be objective?<\/a> In U. M\u00e4ki, S. Ruphy, G. Schurz and I. Votsis (eds.), <\/span><i><span style=\"font-weight: 400;\">Recent Developments in the Philosophy of Science: EPSA13 Helsinki<\/span><\/i><span style=\"font-weight: 400;\">. Cham: Springer, 129\u2013140.<\/span><\/p>\n<p><span style=\"font-weight: 400;\">Koskinen, Inkeri. 2014. <a href=\"https:\/\/philpapers.org\/archive\/KOSALT.pdf\">At least Two Concepts of Culture<\/a>. <\/span><i><span style=\"font-weight: 400;\">Folklore<\/span><\/i><span style=\"font-weight: 400;\"> 125:3, 267\u2013285.<\/span><\/p>\n<p><span style=\"font-weight: 400;\">Koskinen, Inkeri. 2014. <a href=\"https:\/\/philpapers.org\/rec\/KOSCSP-2\">Critical Subjects: Participatory Research Needs to Make Room for Debate<\/a>. <\/span><i><span style=\"font-weight: 400;\">Philosophy of the Social Sciences<\/span><\/i><span style=\"font-weight: 400;\">, 44:6, 733\u2013751.<\/span><\/p>\n<p><span style=\"font-weight: 400;\">Koskinen, Inkeri. 2014. Alkuper\u00e4iskansojen tieto tutkimuksessa: tieteenfilosofinen n\u00e4k\u00f6kulma. [Indigenous knowledge in scientific research.] P. H\u00e4meenaho and E. Koskinen-Koivisto (eds.),<\/span><i><span style=\"font-weight: 400;\"> Moniulotteinen etnografia<\/span><\/i><span style=\"font-weight: 400;\"> [<\/span><i><span style=\"font-weight: 400;\">Multiform ethnography<\/span><\/i><span style=\"font-weight: 400;\">]. Helsinki: Ethnos, 128\u2013152.<\/span><\/p>\n<p><span style=\"font-weight: 400;\">Koskinen, Inkeri. 2011. Seemingly Similar Beliefs: A Case Study on Relativistic Research Practices. <\/span><i><span style=\"font-weight: 400;\">Philosophy of the Social Sciences<\/span><\/i><span style=\"font-weight: 400;\"> 41:1, 84\u2013110.<\/span><\/p>\n<h4>EDITORIAL WORK AND TRANSLATIONS<\/h4>\n<p>Raatikainen, Panu,\u00a0Bergman, Mats, and Koskinen, Inkeri (eds.) 2021.\u00a0<i><span>Ajatus<\/span><\/i><span> 78. Helsinki: the Philosophical Society of Finland. 334 p.<\/span><span style=\"font-weight: 400;\"><\/span><\/p>\n<p><span style=\"font-weight: 400;\">Laitinen, Arto, Bergman, Mats, and Koskinen, Inkeri (eds). 2020. <\/span><i><span style=\"font-weight: 400;\">Ajatus<\/span><\/i><span style=\"font-weight: 400;\"> 77. Helsinki: the Philosophical Society of Finland. 448 p.<\/span><\/p>\n<p><span style=\"font-weight: 400;\">Laitinen, Arto, Bergman, Mats, and Koskinen, Inkeri (eds). 2019. <\/span><i><span style=\"font-weight: 400;\">Ajatus<\/span><\/i><span style=\"font-weight: 400;\"> 76. Helsinki: the Philosophical Society of Finland. 389 p.<\/span><\/p>\n<p><span style=\"font-weight: 400;\">Laitinen, Arto, Bergman, Mats, and Koskinen, Inkeri (eds). 2018. <\/span><i><span style=\"font-weight: 400;\">Ajatus<\/span><\/i><span style=\"font-weight: 400;\"> 75. Helsinki: Philosophical Society of Finland. 537 p.<\/span><\/p>\n<p><span style=\"font-weight: 400;\">Hacking, Ian. 2009. <\/span><i><span style=\"font-weight: 400;\">Mit\u00e4 sosiaalinen konstruktionismi on?<\/span><\/i><span style=\"font-weight: 400;\"> [<\/span><i><span style=\"font-weight: 400;\">The Social Construcion of What?<\/span><\/i><span style=\"font-weight: 400;\">] Translated by Inkeri Koskinen, Tampere: Osuuskunta Vastapaino.<\/span><\/p>\n<p><span style=\"font-weight: 400;\">Virno, Paolo. 2006. <\/span><i><span style=\"font-weight: 400;\">V\u00e4en kielioppi: ehdotus analyysiksi nykyp\u00e4iv\u00e4n el\u00e4m\u00e4nmuodoista<\/span><\/i><span style=\"font-weight: 400;\"> [<\/span><i><span style=\"font-weight: 400;\">Grammatica della moltitudine: Per una analisi delle forme di vita contemporanee<\/span><\/i><span style=\"font-weight: 400;\">]. Translated by Inkeri Koskinen. Helsinki: Tutkijaliitto.<\/span><\/p>\n<p><span style=\"font-weight: 400;\">Salminen, Antero. 2005. <\/span><i><span style=\"font-weight: 400;\">P\u00e4\u00e4jalkainen: kuva ja havainto<\/span><\/i><span style=\"font-weight: 400;\"> [collection of essays about art education]. Edited by Inkeri Koskinen. Helsinki: University of Art and Design.<\/span><\/p>\n<p><span style=\"font-weight: 400;\">Todd, Emmanuel. 2003. <\/span><i><span style=\"font-weight: 400;\">Imperiumin j\u00e4lkeen<\/span><\/i><span style=\"font-weight: 400;\"> [<\/span><i><span style=\"font-weight: 400;\">Apr\u00e8s l&#8217;empire<\/span><\/i><span style=\"font-weight: 400;\">]. Translated by Inkeri Koskinen. Helsinki: Rasalas.<\/span><\/p>\n<h4>PUBLICATIONS FOR GENERAL AUDIENCES, COMMENTARIES AND REPLIES<\/h4>\n<p><span style=\"font-weight: 400;\"><span>P\u00e4ivi Sepp\u00e4l\u00e4 and Inkeri Koskinen. 2025. <a href=\"https:\/\/tint-helsinki.fi\/2024\/10\/21\/competency-assessment-tests\/\">Competency assessment tests in the application process for salaried PhD positions do not promote fairness, objectivity, or transparency<\/a>. TINT Blog.<\/span><\/span><\/p>\n<p><span style=\"font-weight: 400;\"><span>Hirvonen, Ilmari, Kaisa Luoma, P\u00e4ivi Sepp\u00e4l\u00e4, Marko J Forsell, and Inkeri Koskinen. 2025.\u00a0N\u00e4enn\u00e4istiede t\u00f6iss\u00e4. <em>niin&amp;n\u00e4in<\/em> 2\/2025.<\/span><\/span><\/p>\n<p><span style=\"font-weight: 400;\"><span>Koskinen, Inkeri. 2024. <a href=\"https:\/\/wp.me\/p1Bfg0-8LL\">We Still Have No Satisfactory Social Epistemology of AI-Based Science: A Response to Peters<\/a>. <em>Social Epistemology Review and Reply Collective<\/em> 13:5, 9\u201314.<\/span><\/span><\/p>\n<p><span style=\"font-weight: 400;\"><span>Koskinen, Inkeri. 2024.\u00a0<a href=\"https:\/\/netn.fi\/artikkelit\/miten-tieteenfilosofin-kannattaisi-tutkia-objektiivisuuden-kasitetta\/\">Miten tieteenfilosofin kannattaisi tutkia objektiivisuuden k\u00e4sitett\u00e4?<\/a>\u00a0<em>niin&amp;n\u00e4in<\/em> 2\/2024.<\/span><\/span><\/p>\n<p><span style=\"font-weight: 400;\"><span>Koskinen, Inkeri. 2022.\u00a0<a href=\"https:\/\/doi.org\/10.1007\/s11016-022-00733-9\">A useful overview of contemporary debates about scientific objectivity<\/a>. <em>Metascience<\/em>.<\/span><\/span><\/p>\n<p><span style=\"font-weight: 400;\">Koskinen, Inkeri. 2021.\u00a0<a href=\"https:\/\/www.areiopagi.fi\/2021\/08\/kannattaako-tieteellisesta-objektiivisuudesta-puhua\/\">Kannattaako tieteellisest\u00e4 objektiivisuudesta puhua?<\/a> <em>Areiopagi<\/em> 10.8.2021.<\/span><\/p>\n<p><span style=\"font-weight: 400;\"><span>Koskinen, Inkeri. 2021. <a href=\"https:\/\/wp.me\/p1Bfg0-5GD\/\">Emancipatory Activist Movements Can Build Collective Intellectual Self-Trust\u2014But Not Always in Ways We Would Like<\/a>. <em>Social Epistemology Review and Reply Collective<\/em> 10:2, 21\u201326.<\/span><\/span><\/p>\n<p><span style=\"font-weight: 400;\">Koskinen, Inkeri. 2019. Elitistisen sivistyshumanismin puolustus [book review]. <\/span><i><span style=\"font-weight: 400;\">Tiedepolitiikka<\/span><\/i><span style=\"font-weight: 400;\"> 2019:1.\u00a0\u00a0<\/span><\/p>\n<p><span style=\"font-weight: 400;\">Rusanen, Anna-Mari and Koskinen, Inkeri. 2018. Tiede, teko\u00e4ly ja tiedolliset riskit. [Science, AI, and epistemic risks]. Futura 37:4, 47-52.<\/span><\/p>\n<p><span>Koskinen, Inkeri. 2018. Ett\u00e4 maailma muuttuisi paremmaksi [So that the world would become a better place] In L\u00e4hde &amp; Vehkoo (eds.) <\/span><i><span>Jakautuuko Suomi?<\/span><\/i><span> [Is Finland becoming divided?] Helsinki: Into.<\/span><\/p>\n<p><span>Koskinen, Inkeri. 2017. P\u00e4\u00e4kirjoitus: Punkit foliossa ja luottamus tieteeseen. [Editorial: Ticks in foil and trust in science]. <\/span><i><span>Tieteess\u00e4 tapahtuu<\/span><\/i><span> 35:4, 1\u20132.<\/span><\/p>\n<p><span style=\"font-weight: 400;\">Koskinen, Inkeri. 2017. <a href=\"http:\/\/wp.me\/p1Bfg0-3PB\">Not-So-Well-Designed Scientific Communities<\/a>. <\/span><i><span style=\"font-weight: 400;\">Social Epistemology Review and Reply Collective<\/span><\/i><span style=\"font-weight: 400;\"> 6:10, 54\u201358.<\/span><\/p>\n<p><span>Koskinen, Inkeri. 2016. Tietysti se on totta \u2013 sit\u00e4h\u00e4n on tutkittu! [Of course it is true \u2013 it has been studied!] <\/span><i><span>Suomen Kuvalehti<\/span><\/i><span> 48\/2016.<\/span><\/p>\n<p><span style=\"font-weight: 400;\">Jukola, Saana and Koskinen, Inkeri. 2013. Helen Longino tieteiden rajalinjoilla. [Interview with Helen Longino.] <\/span><i><span style=\"font-weight: 400;\">Niin &amp; n\u00e4in<\/span><\/i><span style=\"font-weight: 400;\"> 13:3.<\/span><\/p>\n<p><span style=\"font-weight: 400;\">Koskinen, Inkeri. 2012. Ymm\u00e4rt\u00e4minen t\u00e4m\u00e4n p\u00e4iv\u00e4n alkuper\u00e4iskansatutkimuksessa. [Understanding in Indigenous studies.] In <\/span><i><span style=\"font-weight: 400;\">Ymm\u00e4rrys<\/span><\/i><span style=\"font-weight: 400;\">, edited by Valtteri Viljanen, Helena Siipi ja Matti Sintonen. Turku: University of Turku.<\/span><\/p>\n<p><span style=\"font-weight: 400;\">Koskinen, Inkeri. 2010. Intiaanikreationistit ja tiedollisen relativismin kauhistus. [American indian creationists and the horror of epistemic relativism.] <\/span><i><span style=\"font-weight: 400;\">Niin &amp; n\u00e4in<\/span><\/i><span style=\"font-weight: 400;\"> 17:1.<\/span><\/p>\n<p><span style=\"font-weight: 400;\"><span>Koskinen, Inkeri. 2008. Pit\u00e4isik\u00f6 turvautua kulttuuriperinteisiin? [Should we resort to tradition?] In Vad\u00e9n, Tere (ed.) <i>Linkolan ajamana<\/i>. Helsinki: Like.<\/span><\/span><\/p>\n<p><span style=\"font-weight: 400;\">Koskinen, Inkeri. 2008. &#8216;Kulttuuri&#8217; &#8211; k\u00e4site ty\u00f6kaluna. [&#8220;Culture&#8221; \u2013 a concept as a tool.] <\/span><i><span style=\"font-weight: 400;\">Niin &amp; n\u00e4in<\/span><\/i><span style=\"font-weight: 400;\"> 14:2.<\/span><\/p>\n<h4>THESIS<\/h4>\n<p><span style=\"font-weight: 400;\">Koskinen, Inkeri. 2015. <\/span><i><span style=\"font-weight: 400;\">Changing Research Communities: Essays on Objectivity and Relativism in Contemporary Cultural Research<\/span><\/i><span style=\"font-weight: 400;\">. Helsinki: Philosophical Studies from the University of Helsinki 47. Doctoral dissertation.<\/span><\/p>\n<h4>SELECTED NON-ACADEMIC TRANSLATIONS<\/h4>\n<p><span style=\"font-weight: 400;\">Malvaldi, Marco. 2015. <\/span><i><span style=\"font-weight: 400;\">Kolmen kortin temppu<\/span><\/i><span style=\"font-weight: 400;\"> [<\/span><i><span style=\"font-weight: 400;\">Il gioco delle tre carte<\/span><\/i><span style=\"font-weight: 400;\">]. Translated by Inkeri Koskinen. Helsinki: Tammi.<\/span><\/p>\n<p><span style=\"font-weight: 400;\">Malvaldi, Marco. 2014. <\/span><i><span style=\"font-weight: 400;\">Viiden korttipeli<\/span><\/i><span style=\"font-weight: 400;\"> [<\/span><i><span style=\"font-weight: 400;\">La briscola in cinque<\/span><\/i><span style=\"font-weight: 400;\">]. Translated by Inkeri Koskinen. Helsinki: Tammi.<\/span><\/p>\n<p><span style=\"font-weight: 400;\">Stoker, Bram. 2012. <\/span><i><span style=\"font-weight: 400;\">Draculan vieras ja muita kauhukertomuksia<\/span><\/i><span style=\"font-weight: 400;\"> [<\/span><i><span style=\"font-weight: 400;\">Dracula&#8217;s Guest and Other Weird Stories<\/span><\/i><span style=\"font-weight: 400;\">]. Translation and foreword by Inkeri Koskinen. Helsinki: Tammi.<\/span><\/p>\n<p><span style=\"font-weight: 400;\">Bronte\u0308, Charlotte. 2009. <\/span><i><span style=\"font-weight: 400;\">Professori<\/span><\/i><span style=\"font-weight: 400;\"> [<\/span><i><span style=\"font-weight: 400;\">The Professor<\/span><\/i><span style=\"font-weight: 400;\">]. Translation and foreword by Inkeri Koskinen. Helsinki: Tammi.<\/span><\/p>\n<p><span style=\"font-weight: 400;\">Austen, Jane. 2009. <\/span><i><span style=\"font-weight: 400;\">Uskollinen yst\u00e4v\u00e4nne: kootut kertomukset<\/span><\/i><span style=\"font-weight: 400;\"> [<\/span><i><span style=\"font-weight: 400;\">Your faithful friend<\/span><\/i><span style=\"font-weight: 400;\">; a collection of juvenilia]. Selection, translation and foreword by Inkeri Koskinen. Helsinki: Tammi.<\/span><\/p>\n<p><span style=\"font-weight: 400;\">Alcott, Louisa M. 2005. <\/span><i><span style=\"font-weight: 400;\">Naamion takana: kootut kertomukset<\/span><\/i><span style=\"font-weight: 400;\"> [<\/span><i><span style=\"font-weight: 400;\">Behind a mask<\/span><\/i><span style=\"font-weight: 400;\">; a collection of short stories]. Selection, translation and foreword by Inkeri Koskinen. Helsinki: Helmi.<\/span><\/p>\n<p>[\/et_pb_text][\/et_pb_column][\/et_pb_row][\/et_pb_section]<\/p>\n","protected":false},"excerpt":{"rendered":"<p>[et_pb_section fb_built=&#8221;1&#8243; _builder_version=&#8221;4.9.0&#8243; _module_preset=&#8221;default&#8221;][et_pb_row _builder_version=&#8221;4.9.0&#8243; _module_preset=&#8221;default&#8221;][et_pb_column type=&#8221;4_4&#8243; _builder_version=&#8221;4.9.0&#8243; _module_preset=&#8221;default&#8221;][et_pb_text _builder_version=&#8221;4.9.0&#8243; _module_preset=&#8221;default&#8221; hover_enabled=&#8221;0&#8243; sticky_enabled=&#8221;0&#8243;] BOOKS Ludwig, David, Inkeri Koskinen, Zinhle Mncube,Luana Poliseli, and Luis Reyes-Galindo (eds.). 2021. Global Epistemologies and Philosophies of Science. Routledge. Haaparanta, Leila, Inkeri Koskinen, and Teemu Toppinen (eds.). 2021. Proceedings of the Annual Colloquium of the Philosophical Society of Finland 2020 (FiPhi [&hellip;]<\/p>\n","protected":false},"author":1,"featured_media":0,"parent":0,"menu_order":0,"comment_status":"closed","ping_status":"closed","template":"","meta":{"_et_pb_use_builder":"on","_et_pb_old_content":"","_et_gb_content_width":"","footnotes":""},"class_list":["post-46","page","type-page","status-publish","hentry"],"_links":{"self":[{"href":"https:\/\/inkerikoskinen.net\/index.php?rest_route=\/wp\/v2\/pages\/46","targetHints":{"allow":["GET"]}}],"collection":[{"href":"https:\/\/inkerikoskinen.net\/index.php?rest_route=\/wp\/v2\/pages"}],"about":[{"href":"https:\/\/inkerikoskinen.net\/index.php?rest_route=\/wp\/v2\/types\/page"}],"author":[{"embeddable":true,"href":"https:\/\/inkerikoskinen.net\/index.php?rest_route=\/wp\/v2\/users\/1"}],"replies":[{"embeddable":true,"href":"https:\/\/inkerikoskinen.net\/index.php?rest_route=%2Fwp%2Fv2%2Fcomments&post=46"}],"version-history":[{"count":40,"href":"https:\/\/inkerikoskinen.net\/index.php?rest_route=\/wp\/v2\/pages\/46\/revisions"}],"predecessor-version":[{"id":336,"href":"https:\/\/inkerikoskinen.net\/index.php?rest_route=\/wp\/v2\/pages\/46\/revisions\/336"}],"wp:attachment":[{"href":"https:\/\/inkerikoskinen.net\/index.php?rest_route=%2Fwp%2Fv2%2Fmedia&parent=46"}],"curies":[{"name":"wp","href":"https:\/\/api.w.org\/{rel}","templated":true}]}}