{"id":58,"date":"2021-02-20T14:30:41","date_gmt":"2021-02-20T16:30:41","guid":{"rendered":"https:\/\/inkerikoskinen.net\/?page_id=58"},"modified":"2024-08-15T10:35:57","modified_gmt":"2024-08-15T12:35:57","slug":"cv","status":"publish","type":"page","link":"https:\/\/inkerikoskinen.net\/?page_id=58","title":{"rendered":"CV"},"content":{"rendered":"<p>[et_pb_section fb_built=&#8221;1&#8243; _builder_version=&#8221;4.9.0&#8243; _module_preset=&#8221;default&#8221;][et_pb_row _builder_version=&#8221;4.9.0&#8243; _module_preset=&#8221;default&#8221; custom_padding=&#8221;53px|||||&#8221;][et_pb_column type=&#8221;4_4&#8243; _builder_version=&#8221;4.9.0&#8243; _module_preset=&#8221;default&#8221;][et_pb_text _builder_version=&#8221;4.9.0&#8243; _module_preset=&#8221;default&#8221; hover_enabled=&#8221;0&#8243; sticky_enabled=&#8221;0&#8243;]<\/p>\n<h4><span style=\"text-transform: uppercase;\">Degrees<\/span><\/h4>\n<p>PhD (in theoretical philosophy) 15.9.2015, University of Helsinki.\u00a0<em>Changing Research Communities: Essays on Objectivity and Relativism in Contemporary Cultural Research.<\/em> Grade: pass with distinction. Opponent: Alison Wylie.<\/p>\n<p>MA (in theoretical philosophy) 2005, University of Helsinki.<\/p>\n<p>Title of Docent, 9.6.2021, Practical philosophy, University of Helsinki.<\/p>\n<h4><span style=\"text-transform: uppercase;\">Other education and expertise<\/span><\/h4>\n<p>2012\u20132014 Program of creative writing, Critical Academy, Helsinki.<\/p>\n<p>Professional translator.<\/p>\n<h4><span style=\"text-transform: uppercase;\">Language skills<\/span><\/h4>\n<p>Mother tongue: Finnish.<\/p>\n<p>Other languages: Highly proficient in spoken and written English. Capable of translating books from French and Italian. Basic skills in German and Swedish.<\/p>\n<h4><span style=\"text-transform: uppercase;\">Current employment<\/span><\/h4>\n<p>Academy of Finland Research Fellow. Practical Philosophy, University of Helsinki.<\/p>\n<h4><span style=\"text-transform: uppercase;\">Previous work experience<\/span><\/h4>\n<p>2021\u201322\u00a0 \u00a0 \u00a0 Senior lecturer. Philosophy, Faculty of Social Sciences, Tampere University.<\/p>\n<p>2020\u00a0 \u00a0 \u00a0 \u00a0 \u00a0 \u00a0\u00a0Senior research fellow. Philosophy, Faculty of Social Sciences, Tampere University.<\/p>\n<p>\u00a0 \u00a0 \u00a0 \u00a0 \u00a0 \u00a0 \u00a0 \u00a0 \u00a0 \u00a0 \u00a0 Senior lecturer. Philosophy, Faculty of Social Sciences, Tampere University.<\/p>\n<p>2019\u00a0 \u00a0 \u00a0 \u00a0 \u00a0 \u00a0 Senior research fellow. Philosophy, Faculty of Social Sciences, Tampere University.<\/p>\n<p>2016\u201319\u00a0 \u00a0 \u00a0 Academy of Finland post-doctoral researcher. Theoretical philosophy, University of Helsinki.<\/p>\n<p>2016\u00a0\u00a0\u00a0\u00a0\u00a0\u00a0\u00a0\u00a0\u00a0\u00a0\u00a0\u00a0 Post-doctoral researher; personal grant from Emil Aaltonen Foundation.<\/p>\n<p>\u00a0 \u00a0 \u00a0 \u00a0 \u00a0 \u00a0 \u00a0 \u00a0 \u00a0 \u00a0 \u00a0 \u00a0Writer; grant from Kone Foundation together with Tomi Kokkonen.<\/p>\n<p>2015\u00a0\u00a0\u00a0\u00a0\u00a0\u00a0\u00a0\u00a0\u00a0\u00a0\u00a0\u00a0 Coordinator, BizTech project, University of Helsinki.<\/p>\n<p>\u00a0 \u00a0 \u00a0 \u00a0 \u00a0 \u00a0 \u00a0 \u00a0 \u00a0 \u00a0 \u00a0 \u00a0Post-doctoral researher; personal grant from the Finnish Cultural Foundation.<\/p>\n<p>2014\u00a0\u00a0\u00a0\u00a0\u00a0\u00a0\u00a0\u00a0\u00a0\u00a0\u00a0\u00a0 Writer; personal grant from the Finnish Cultural Foundation.<\/p>\n<p>2013\u00a0\u00a0\u00a0\u00a0\u00a0\u00a0\u00a0\u00a0\u00a0\u00a0\u00a0\u00a0 Doctoral student, personal grant from the University of Helsinki.<\/p>\n<p>2012\u20132013\u00a0 Freelance translator.<\/p>\n<p>2008\u20132012\u00a0 Doctoral student, personal grant from the Kone Foundation.<\/p>\n<p>2005\u20132008\u00a0 Freelance translator.<\/p>\n<h4><span style=\"text-transform: uppercase;\">Research funding and grants<\/span><\/h4>\n<p>2022\u00a0 \u00a0 \u00a0 \u00a0 \u00a0 \u00a0 \u00a0Academy of Finland. Academy Research Fellow at the University of Helsinki. Project\u00a0<em>Objectivity in Contexts<\/em>. 01.09.2022 &#8211; 31.08.2027. PI: Inkeri Koskinen.<\/p>\n<p>2022\u00a0\u00a0\u00a0\u00a0\u00a0\u00a0\u00a0\u00a0\u00a0\u00a0\u00a0\u00a0\u00a0 The Emil Aaltonen Foundation. Project: <em>Pseudoscience in Finnish Work Life<\/em>. 1.1.2023\u201331.12. 2025. PI: Inkeri Koskinen<\/p>\n<p>2018\u00a0\u00a0\u00a0\u00a0\u00a0\u00a0\u00a0\u00a0\u00a0\u00a0\u00a0\u00a0 Academy of Finland. Member of the research team in the project <em>Cognitive and Social Diversity in Science: An Epistemic Assessment<\/em>. 01.09.2018 &#8211; 31.08.2022. PI: Kristina Rolin.<\/p>\n<p>2016\u00a0\u00a0\u00a0\u00a0\u00a0\u00a0\u00a0\u00a0\u00a0\u00a0\u00a0\u00a0 Academy of Finland. Postdoctoral researcher at the University of Helsinki. Project: <em>A New Problem of Demarcation: Democratisation of Science as a Challenge to Objectivity<\/em>. 01.09.2016 \u2013 31.08.2019. PI: Inkeri Koskinen.<\/p>\n<p>2016\u00a0\u00a0\u00a0\u00a0\u00a0\u00a0\u00a0\u00a0\u00a0\u00a0\u00a0\u00a0 Academy of Finland. Member of the research team in the project <em>Interdisciplining the university \u2013 Prospects for sustainable knowledge production<\/em>. 01.09.2016 &#8211; 31.08.2020. PI: Mikko Salmela.<\/p>\n<p>2016\u00a0\u00a0\u00a0\u00a0\u00a0\u00a0\u00a0\u00a0\u00a0\u00a0\u00a0\u00a0 Emil Aaltonen Foundation. For postdoctoral research on the democratisation of science as a challenge to objectivity.<\/p>\n<p>2015\u00a0\u00a0\u00a0\u00a0\u00a0\u00a0\u00a0\u00a0\u00a0\u00a0\u00a0\u00a0 The Finnish Cultural Foundation. For postdoctoral research.<\/p>\n<p>2013\u00a0\u00a0\u00a0\u00a0\u00a0\u00a0\u00a0\u00a0\u00a0\u00a0\u00a0\u00a0 The Finnish Cultural Foundation. For the writing of a book on pseudohumanities and demarcation.<\/p>\n<p>2007\u20132011\u00a0 Kone Foundation. Yearly research grants.<\/p>\n<h4><span style=\"text-transform: uppercase;\">Teaching and supervision<\/span><\/h4>\n<p>2023.\u00a0 \u00a0 \u00a0 \u00a0 \u00a0 \u00a0 \u00a0 \u00a0 \u00a0 \u00a0 \u00a0 \u00a0 \u00a0PI of the project <em>Pseudoscience in Finnish Work Life<\/em>, with a research team of three doctoral students and one post doc.<\/p>\n<p>2023 \u00a0\u00a0\u00a0\u00a0\u00a0\u00a0\u00a0\u00a0\u00a0\u00a0\u00a0\u00a0\u00a0\u00a0\u00a0\u00a0\u00a0\u00a0\u00a0\u00a0\u00a0\u00a0\u00a0\u00a0 Currently principal supervisor of two doctoral students, University of Helsinki and Tampere University.<\/p>\n<p>2023 \u00a0\u00a0\u00a0\u00a0\u00a0\u00a0\u00a0\u00a0\u00a0\u00a0\u00a0\u00a0\u00a0\u00a0\u00a0\u00a0\u00a0\u00a0\u00a0\u00a0\u00a0\u00a0\u00a0\u00a0 Currently principal supervisor of two masters theses students, Tampere University.<\/p>\n<p>2022\u00a0 \u00a0 \u00a0 \u00a0 \u00a0 \u00a0 \u00a0 \u00a0 \u00a0 \u00a0 \u00a0 \u00a0 \u00a0 Principal supervisor of two masters theses students,\u00a0Tampere University.<\/p>\n<p>2020, 2022\u00a0 \u00a0 \u00a0 \u00a0 \u00a0 \u00a0 \u00a0 \u00a0Bachelor&#8217;s seminar in Philosophy, Tampere University.<\/p>\n<p>2021\u00a0 \u00a0 \u00a0 \u00a0 \u00a0 \u00a0 \u00a0 \u00a0 \u00a0 \u00a0 \u00a0 \u00a0 \u00a0 \u00a0Master&#8217;s seminar\u00a0in Philosophy, Tampere University.<\/p>\n<p>2020\u20132022\u00a0 \u00a0 \u00a0 \u00a0 \u00a0 \u00a0 \u00a0 Philosophy of Science, Tampere University.<\/p>\n<p>2020\u20132022\u00a0 \u00a0 \u00a0 \u00a0 \u00a0 \u00a0 \u00a0 Philosophy of the social sciences. Tampere University.<\/p>\n<p>2020\u00a0 \u00a0 \u00a0 \u00a0 \u00a0 \u00a0 \u00a0 \u00a0 \u00a0 \u00a0 \u00a0 \u00a0 \u00a0 Philosophy of Science. Aalto University, School of Arts, Design and Architecture.<\/p>\n<p>2017\u20132018\u00a0 \u00a0 \u00a0 \u00a0 \u00a0 \u00a0 \u00a0 \u00a0Supervised two masters theses students as one of two supervisors. University of Helsinki.<\/p>\n<p>2017\u00a0 \u00a0 \u00a0 \u00a0 \u00a0 \u00a0 \u00a0 \u00a0 \u00a0 \u00a0 \u00a0 \u00a0 \u00a0 \u00a0Online course in the philosophy of the humanities for postgraduate students. University of Helsinki.<\/p>\n<p>2017\u00a0 \u00a0 \u00a0 \u00a0 \u00a0 \u00a0 \u00a0 \u00a0 \u00a0 \u00a0 \u00a0 \u00a0 \u00a0 \u00a0Online course in the philosophy of the humanities for postgraduate students. University of Helsinki.<\/p>\n<p>2016\u00a0 \u00a0 \u00a0 \u00a0 \u00a0 \u00a0 \u00a0 \u00a0 \u00a0 \u00a0 \u00a0 \u00a0 \u00a0 Supervised one masters thesis student as one of two supervisors. University of Tampere.<\/p>\n<p>2015\u00a0\u00a0\u00a0\u00a0\u00a0\u00a0\u00a0\u00a0\u00a0\u00a0\u00a0\u00a0\u00a0 \u00a0 \u00a0 \u00a0 \u00a0\u00a0 \u00a0 \u00a0Designed an online course in the philosophy of the humanities for postgraduate students. University of Helsinki.<\/p>\n<p>2014\u00a0 \u00a0 \u00a0 \u00a0 \u00a0 \u00a0 \u00a0 \u00a0 \u00a0 \u00a0 \u00a0 \u00a0 \u00a0 \u00a0Science, values and research ethics in the humanities and the social sciences. Course planned and taught together with Tomi Kokkonen. University of Helsinki.<\/p>\n<p>2012\u20132014\u00a0 \u00a0 \u00a0 \u00a0 \u00a0 \u00a0 \u00a0 \u00a0 Introduction to the philosophy of the humanities. Course planned and taught yearly together with Tomi Kokkonen. University of Helsinki.<\/p>\n<p>2012\u20132014\u00a0 \u00a0 \u00a0 \u00a0 \u00a0 \u00a0 \u00a0 \u00a0 Philosophy of the humanities. Course planned and taught yearly together with Tomi Kokkonen. University of Helsinki.<\/p>\n<p>2011\u00a0 \u00a0 \u00a0 \u00a0 \u00a0 \u00a0 \u00a0 \u00a0 \u00a0 \u00a0 \u00a0 \u00a0 \u00a0 \u00a0 \u00a0Philosophy of the humanities. Course planned and taught together with Tomi Kokkonen and Panu Raatikainen. University of Helsinki.<\/p>\n<p>Pedagogical training: Humpeda 1: teaching and learning at university (2011), PED5121 YP 2.1 Constructive alignment in course design (2018).<\/p>\n<h4><span style=\"text-transform: uppercase;\">Awards and honours<\/span><\/h4>\n<p>Doctor Ultima, Promotio ordinis philosophorum MMXVII, 25.\u201327.5.2017, Universitatis Helsingiensis.<\/p>\n<p><em>Villi Suomen historia: V\u00e4limeren V\u00e4in\u00e4m\u00f6isest\u00e4 \u00c4ij\u00e4kupittaan pyramideihin <\/em>[<em>The Wild History of Finland <\/em>\u2013 a popular book on pseudohumanities and demarcation] won the Finnish Science Book of the Year (<em>Vuoden tiedekirja<\/em>) 2015 prize (10 000 \u20ac). The prize is awarded by the Federation of Finnish Learned Societies and the Finnish Association for Scholarly Publishing.<\/p>\n<p><em>Villi Suomen<\/em> <em>historia: V\u00e4limeren V\u00e4in\u00e4m\u00f6isest\u00e4 \u00c4ij\u00e4kupittaan pyramideihin<\/em> was nominated as a candidate for the Finnish Esoteric Book of the Year (<em>Vuoden rajatietokirja<\/em>) 2015 prize. The prize is awarded by the magazine <em>Ultra<\/em>.<\/p>\n<h4><span style=\"text-transform: uppercase;\">Other academic merits <\/span><\/h4>\n<p>President of the Finnish national committee of philosophy of science (member of IUHPST\/DLMPST).<\/p>\n<p>2020\u20132024 Secretary and bursar of the Finnish national committee of philosophy of science (member of IUHPST\/DLMPST).<\/p>\n<p>Member of the board of the Philosophical Society of Finland &#8211; <em>Societas Philosophica Fennica<\/em>.<\/p>\n<p>Member of the Editorial Board of the\u00a0<em>European Journal for Philosophy of Science<\/em>.<\/p>\n<p>2018\u20132022 Member of the editorial team of <em>Ajatus<\/em>, the peer-reviewed annual of the Philosophical Society of Finland.<\/p>\n<p>2021\u20132022 Deputy\u00a0member of the Science Council, Tampere University.<\/p>\n<p>15.2.\u201315.3.2019 Visiting fellow in the Department of History and Philosophy of Science, University of Cambridge.<\/p>\n<p>1.1.\u201331.5.2018. Visiting researcher in the Academy of Fine Arts. University of the Arts Helsinki.<\/p>\n<p>2.9.\u201316.12.2017 Visiting Fellow in the Department of Philosophy, Durham University.<\/p>\n<p>Member of the editorial\u00a0council\u00a0of the philosophical magazine\u00a0<em>niin&amp;n\u00e4in<\/em>.<\/p>\n<p>Member of the Centre for Philosophy of Social Science (TINT), University of Helsinki.<\/p>\n<p>Member of HELSUS, Helsinki Institute of Sustainability Science.<\/p>\n<p>Member of the Philosophy of Science Association.<\/p>\n<p>Member of the European Philosophy of Science Association.<\/p>\n<p>Member of Kalevalaseura \u2013 The Kalevala Society.<\/p>\n<p>Member of the Finnish Anthropological Society.<\/p>\n<p>Member of the research team of the Academy of Finland project <em>Interdisciplining the university \u2013 Prospects for sustainable knowledge production<\/em> (2016\u20132021).<\/p>\n<p>Member of the Academy of Finland Centre of Excellence in the Philosophy of the Social Sciences, University of Helsinki (2012\u20132017).<\/p>\n<p>Associate member of the Intellectual Property Issues in Cultural Heritage (IPinCH), Simon Fraser University, Canada (\u20132016).<\/p>\n<h4><span style=\"text-transform: uppercase;\">Refereeing<\/span><\/h4>\n<p><em>Philosophy of Science,\u00a0<\/em><em>The British Journal for the Philosophy of Science,\u00a0The European Journal for Philosophy of Science,\u00a0<\/em><em>Synthese,\u00a0<\/em><em>Studies in History and Philosophy of Science,\u00a0<\/em><em>Episteme,\u00a0<\/em><em>Social Epistemology,\u00a0<\/em><em>International Studies in the Philosophy of Science,\u00a0<\/em><em>Perspectives on Science,\u00a0<\/em><em>Philosophy of the Social Sciences,\u00a0<\/em><em>Public Administration,\u00a0<\/em><em>niin &amp; n\u00e4in,\u00a0<\/em><em>Tiede &amp; Edistys,\u00a0<\/em><em>Scripta Instituti Donneriani Aboensis.<\/em><\/p>\n<p>Cambridge University Press, Finnish Literature Society, Vastapaino, Gaudeamus Helsinki University Press.<\/p>\n<p>European Research Council.<\/p>\n<h4><span style=\"text-transform: uppercase;\">Conference organisation<\/span><\/h4>\n<p>2020 \u00a0\u00a0\u00a0\u00a0\u00a0\u00a0\u00a0\u00a0\u00a0\u00a0\u00a0 Annual Colloquium of the Philosophical Society of Finland 2020 (FiPhi 2020). 9.\u201310.1.2020. Chair of the programme committee: Inkeri Koskinen.<\/p>\n<p>2017 \u00a0\u00a0\u00a0\u00a0\u00a0\u00a0\u00a0\u00a0\u00a0\u00a0\u00a0 Symposium: <em>Philosophical Challenges for the Institutional and Methodological Implementation of Interdisciplinarity<\/em>. EPSA17, University of Exeter, UK. 6.9.2017. Chair: Inkeri Koskinen.<\/p>\n<p>2017 \u00a0\u00a0\u00a0\u00a0\u00a0\u00a0\u00a0\u00a0\u00a0\u00a0\u00a0 AID \u2013 Agora for Interdisciplinary Debate: <em>Democratising knowledge production \u2013 Extra-academic collaboration in academic research<\/em>. TINT, the Academy of Finland Centre of Excellence in the Philosophy of the Social Sciences, University of Helsinki. 8.5.2017. Moderator: Inkeri Koskinen.<strong>\u00a0<\/strong><\/p>\n<p>[\/et_pb_text][\/et_pb_column][\/et_pb_row][\/et_pb_section]<\/p>\n","protected":false},"excerpt":{"rendered":"<p>[et_pb_section fb_built=&#8221;1&#8243; _builder_version=&#8221;4.9.0&#8243; _module_preset=&#8221;default&#8221;][et_pb_row _builder_version=&#8221;4.9.0&#8243; _module_preset=&#8221;default&#8221; custom_padding=&#8221;53px|||||&#8221;][et_pb_column type=&#8221;4_4&#8243; _builder_version=&#8221;4.9.0&#8243; _module_preset=&#8221;default&#8221;][et_pb_text _builder_version=&#8221;4.9.0&#8243; _module_preset=&#8221;default&#8221; hover_enabled=&#8221;0&#8243; sticky_enabled=&#8221;0&#8243;] Degrees PhD (in theoretical philosophy) 15.9.2015, University of Helsinki.\u00a0Changing Research Communities: Essays on Objectivity and Relativism in Contemporary Cultural Research. Grade: pass with distinction. Opponent: Alison Wylie. MA (in theoretical philosophy) 2005, University of Helsinki. Title of Docent, 9.6.2021, Practical philosophy, [&hellip;]<\/p>\n","protected":false},"author":1,"featured_media":0,"parent":0,"menu_order":0,"comment_status":"closed","ping_status":"closed","template":"","meta":{"_et_pb_use_builder":"on","_et_pb_old_content":"","_et_gb_content_width":"","footnotes":""},"class_list":["post-58","page","type-page","status-publish","hentry"],"_links":{"self":[{"href":"https:\/\/inkerikoskinen.net\/index.php?rest_route=\/wp\/v2\/pages\/58","targetHints":{"allow":["GET"]}}],"collection":[{"href":"https:\/\/inkerikoskinen.net\/index.php?rest_route=\/wp\/v2\/pages"}],"about":[{"href":"https:\/\/inkerikoskinen.net\/index.php?rest_route=\/wp\/v2\/types\/page"}],"author":[{"embeddable":true,"href":"https:\/\/inkerikoskinen.net\/index.php?rest_route=\/wp\/v2\/users\/1"}],"replies":[{"embeddable":true,"href":"https:\/\/inkerikoskinen.net\/index.php?rest_route=%2Fwp%2Fv2%2Fcomments&post=58"}],"version-history":[{"count":24,"href":"https:\/\/inkerikoskinen.net\/index.php?rest_route=\/wp\/v2\/pages\/58\/revisions"}],"predecessor-version":[{"id":315,"href":"https:\/\/inkerikoskinen.net\/index.php?rest_route=\/wp\/v2\/pages\/58\/revisions\/315"}],"wp:attachment":[{"href":"https:\/\/inkerikoskinen.net\/index.php?rest_route=%2Fwp%2Fv2%2Fmedia&parent=58"}],"curies":[{"name":"wp","href":"https:\/\/api.w.org\/{rel}","templated":true}]}}